{"id":23516,"date":"2025-04-22T11:46:10","date_gmt":"2025-04-22T09:46:10","guid":{"rendered":"https:\/\/optidigital.com\/request-demo\/"},"modified":"2025-06-11T11:44:08","modified_gmt":"2025-06-11T09:44:08","slug":"demander-demo","status":"publish","type":"page","link":"https:\/\/optidigital.com\/fr\/demander-demo\/","title":{"rendered":"Request a demo"},"content":{"rendered":"","protected":false},"excerpt":{"rendered":"","protected":false},"author":1,"featured_media":0,"parent":0,"menu_order":0,"comment_status":"closed","ping_status":"closed","template":"page-rload.php","meta":{"_acf_changed":false,"inline_featured_image":false,"footnotes":""},"class_list":["post-23516","page","type-page","status-publish"],"acf":[],"yoast_head":"<!-- This site is optimized with the Yoast SEO plugin v27.1.1 - https:\/\/yoast.com\/product\/yoast-seo-wordpress\/ -->\n<title>Demander une d\u00e9mo | Opti Digital<\/title>\n<meta name=\"description\" content=\"Pr\u00eat \u00e0 acc\u00e9l\u00e9rer la croissance de votre entreprise ? D\u00e9couvrez nos technologies Adtech et sollicitez une d\u00e9mo personnalis\u00e9e.\" \/>\n<meta name=\"robots\" content=\"index, follow, max-snippet:-1, max-image-preview:large, max-video-preview:-1\" \/>\n<link rel=\"canonical\" href=\"https:\/\/optidigital.com\/fr\/demander-demo\/\" \/>\n<meta property=\"og:locale\" content=\"fr_FR\" \/>\n<meta property=\"og:type\" content=\"article\" \/>\n<meta property=\"og:title\" content=\"Demander une d\u00e9mo | Opti Digital\" \/>\n<meta property=\"og:description\" content=\"Pr\u00eat \u00e0 acc\u00e9l\u00e9rer la croissance de votre entreprise ? D\u00e9couvrez nos technologies Adtech et sollicitez une d\u00e9mo personnalis\u00e9e.\" \/>\n<meta property=\"og:url\" content=\"https:\/\/optidigital.com\/fr\/demander-demo\/\" \/>\n<meta property=\"og:site_name\" content=\"Optidigital\" \/>\n<meta property=\"article:modified_time\" content=\"2025-06-11T09:44:08+00:00\" \/>\n<meta name=\"twitter:card\" content=\"summary_large_image\" \/>\n<meta name=\"twitter:label1\" content=\"Dur\u00e9e de lecture estim\u00e9e\" \/>\n\t<meta name=\"twitter:data1\" content=\"3 minutes\" \/>\n<script type=\"application\/ld+json\" class=\"yoast-schema-graph\">{\"@context\":\"https:\/\/schema.org\",\"@graph\":[{\"@type\":\"WebPage\",\"@id\":\"https:\/\/optidigital.com\/fr\/demander-demo\/\",\"url\":\"https:\/\/optidigital.com\/fr\/demander-demo\/\",\"name\":\"Demander une d\u00e9mo | Opti Digital\",\"isPartOf\":{\"@id\":\"https:\/\/optidigital.com\/fr\/#website\"},\"datePublished\":\"2025-04-22T09:46:10+00:00\",\"dateModified\":\"2025-06-11T09:44:08+00:00\",\"description\":\"Pr\u00eat \u00e0 acc\u00e9l\u00e9rer la croissance de votre entreprise ? D\u00e9couvrez nos technologies Adtech et sollicitez une d\u00e9mo personnalis\u00e9e.\",\"breadcrumb\":{\"@id\":\"https:\/\/optidigital.com\/fr\/demander-demo\/#breadcrumb\"},\"inLanguage\":\"fr-FR\",\"potentialAction\":[{\"@type\":\"ReadAction\",\"target\":[\"https:\/\/optidigital.com\/fr\/demander-demo\/\"]}]},{\"@type\":\"BreadcrumbList\",\"@id\":\"https:\/\/optidigital.com\/fr\/demander-demo\/#breadcrumb\",\"itemListElement\":[{\"@type\":\"ListItem\",\"position\":1,\"name\":\"Home\",\"item\":\"https:\/\/optidigital.com\/fr\/\"},{\"@type\":\"ListItem\",\"position\":2,\"name\":\"Request a demo\"}]},{\"@type\":\"WebSite\",\"@id\":\"https:\/\/optidigital.com\/fr\/#website\",\"url\":\"https:\/\/optidigital.com\/fr\/\",\"name\":\"Optidigital\",\"description\":\"Premium ad revenue platform, built for publishers seeking to optimize their ad revenue while preserving their user experience.\",\"publisher\":{\"@id\":\"https:\/\/optidigital.com\/fr\/#organization\"},\"potentialAction\":[{\"@type\":\"SearchAction\",\"target\":{\"@type\":\"EntryPoint\",\"urlTemplate\":\"https:\/\/optidigital.com\/fr\/?s={search_term_string}\"},\"query-input\":{\"@type\":\"PropertyValueSpecification\",\"valueRequired\":true,\"valueName\":\"search_term_string\"}}],\"inLanguage\":\"fr-FR\"},{\"@type\":\"Organization\",\"@id\":\"https:\/\/optidigital.com\/fr\/#organization\",\"name\":\"Optidigital\",\"url\":\"https:\/\/optidigital.com\/fr\/\",\"logo\":{\"@type\":\"ImageObject\",\"inLanguage\":\"fr-FR\",\"@id\":\"https:\/\/optidigital.com\/fr\/#\/schema\/logo\/image\/\",\"url\":\"https:\/\/optidigital.com\/wp-content\/uploads\/2025\/01\/logo_w.svg\",\"contentUrl\":\"https:\/\/optidigital.com\/wp-content\/uploads\/2025\/01\/logo_w.svg\",\"width\":169,\"height\":64,\"caption\":\"Optidigital\"},\"image\":{\"@id\":\"https:\/\/optidigital.com\/fr\/#\/schema\/logo\/image\/\"}}]}<\/script>\n<!-- \/ Yoast SEO plugin. -->","yoast_head_json":{"title":"Demander une d\u00e9mo | Opti Digital","description":"Pr\u00eat \u00e0 acc\u00e9l\u00e9rer la croissance de votre entreprise ? D\u00e9couvrez nos technologies Adtech et sollicitez une d\u00e9mo personnalis\u00e9e.","robots":{"index":"index","follow":"follow","max-snippet":"max-snippet:-1","max-image-preview":"max-image-preview:large","max-video-preview":"max-video-preview:-1"},"canonical":"https:\/\/optidigital.com\/fr\/demander-demo\/","og_locale":"fr_FR","og_type":"article","og_title":"Demander une d\u00e9mo | Opti Digital","og_description":"Pr\u00eat \u00e0 acc\u00e9l\u00e9rer la croissance de votre entreprise ? D\u00e9couvrez nos technologies Adtech et sollicitez une d\u00e9mo personnalis\u00e9e.","og_url":"https:\/\/optidigital.com\/fr\/demander-demo\/","og_site_name":"Optidigital","article_modified_time":"2025-06-11T09:44:08+00:00","twitter_card":"summary_large_image","twitter_misc":{"Dur\u00e9e de lecture estim\u00e9e":"3 minutes"},"schema":{"@context":"https:\/\/schema.org","@graph":[{"@type":"WebPage","@id":"https:\/\/optidigital.com\/fr\/demander-demo\/","url":"https:\/\/optidigital.com\/fr\/demander-demo\/","name":"Demander une d\u00e9mo | Opti Digital","isPartOf":{"@id":"https:\/\/optidigital.com\/fr\/#website"},"datePublished":"2025-04-22T09:46:10+00:00","dateModified":"2025-06-11T09:44:08+00:00","description":"Pr\u00eat \u00e0 acc\u00e9l\u00e9rer la croissance de votre entreprise ? D\u00e9couvrez nos technologies Adtech et sollicitez une d\u00e9mo personnalis\u00e9e.","breadcrumb":{"@id":"https:\/\/optidigital.com\/fr\/demander-demo\/#breadcrumb"},"inLanguage":"fr-FR","potentialAction":[{"@type":"ReadAction","target":["https:\/\/optidigital.com\/fr\/demander-demo\/"]}]},{"@type":"BreadcrumbList","@id":"https:\/\/optidigital.com\/fr\/demander-demo\/#breadcrumb","itemListElement":[{"@type":"ListItem","position":1,"name":"Home","item":"https:\/\/optidigital.com\/fr\/"},{"@type":"ListItem","position":2,"name":"Request a demo"}]},{"@type":"WebSite","@id":"https:\/\/optidigital.com\/fr\/#website","url":"https:\/\/optidigital.com\/fr\/","name":"Optidigital","description":"Premium ad revenue platform, built for publishers seeking to optimize their ad revenue while preserving their user experience.","publisher":{"@id":"https:\/\/optidigital.com\/fr\/#organization"},"potentialAction":[{"@type":"SearchAction","target":{"@type":"EntryPoint","urlTemplate":"https:\/\/optidigital.com\/fr\/?s={search_term_string}"},"query-input":{"@type":"PropertyValueSpecification","valueRequired":true,"valueName":"search_term_string"}}],"inLanguage":"fr-FR"},{"@type":"Organization","@id":"https:\/\/optidigital.com\/fr\/#organization","name":"Optidigital","url":"https:\/\/optidigital.com\/fr\/","logo":{"@type":"ImageObject","inLanguage":"fr-FR","@id":"https:\/\/optidigital.com\/fr\/#\/schema\/logo\/image\/","url":"https:\/\/optidigital.com\/wp-content\/uploads\/2025\/01\/logo_w.svg","contentUrl":"https:\/\/optidigital.com\/wp-content\/uploads\/2025\/01\/logo_w.svg","width":169,"height":64,"caption":"Optidigital"},"image":{"@id":"https:\/\/optidigital.com\/fr\/#\/schema\/logo\/image\/"}}]}},"_links":{"self":[{"href":"https:\/\/optidigital.com\/fr\/wp-json\/wp\/v2\/pages\/23516","targetHints":{"allow":["GET"]}}],"collection":[{"href":"https:\/\/optidigital.com\/fr\/wp-json\/wp\/v2\/pages"}],"about":[{"href":"https:\/\/optidigital.com\/fr\/wp-json\/wp\/v2\/types\/page"}],"author":[{"embeddable":true,"href":"https:\/\/optidigital.com\/fr\/wp-json\/wp\/v2\/users\/1"}],"replies":[{"embeddable":true,"href":"https:\/\/optidigital.com\/fr\/wp-json\/wp\/v2\/comments?post=23516"}],"version-history":[{"count":5,"href":"https:\/\/optidigital.com\/fr\/wp-json\/wp\/v2\/pages\/23516\/revisions"}],"predecessor-version":[{"id":25892,"href":"https:\/\/optidigital.com\/fr\/wp-json\/wp\/v2\/pages\/23516\/revisions\/25892"}],"wp:attachment":[{"href":"https:\/\/optidigital.com\/fr\/wp-json\/wp\/v2\/media?parent=23516"}],"curies":[{"name":"wp","href":"https:\/\/api.w.org\/{rel}","templated":true}]}}