{"id":23477,"date":"2025-04-16T10:06:56","date_gmt":"2025-04-16T08:06:56","guid":{"rendered":"https:\/\/optidigital.com\/publishers-demand-hub\/"},"modified":"2025-12-10T01:34:32","modified_gmt":"2025-12-10T00:34:32","slug":"publishers-demand-hub","status":"publish","type":"page","link":"https:\/\/optidigital.com\/fr\/publishers\/demand-hub\/","title":{"rendered":"Demand Hub"},"content":{"rendered":"","protected":false},"excerpt":{"rendered":"","protected":false},"author":1,"featured_media":0,"parent":0,"menu_order":0,"comment_status":"closed","ping_status":"closed","template":"page-rload.php","meta":{"_acf_changed":false,"inline_featured_image":false,"footnotes":""},"class_list":["post-23477","page","type-page","status-publish"],"acf":[],"yoast_head":"<!-- This site is optimized with the Yoast SEO plugin v27.1.1 - https:\/\/yoast.com\/product\/yoast-seo-wordpress\/ -->\n<title>Places de March\u00e9 Priv\u00e9es | PMP deals | Demand Hub | Opti Digital<\/title>\n<meta name=\"description\" content=\"D\u00e9bloquez des accords PMP premium, stimulez vos eCPM et augmentez votre yield gr\u00e2ce \u00e0 de la demande exclusive con\u00e7ue pour les \u00e9diteurs et propri\u00e9taires de m\u00e9dias.\" \/>\n<meta name=\"robots\" content=\"index, follow, max-snippet:-1, max-image-preview:large, max-video-preview:-1\" \/>\n<link rel=\"canonical\" href=\"https:\/\/optidigital.com\/fr\/publishers\/demand-hub\/\" \/>\n<meta property=\"og:locale\" content=\"fr_FR\" \/>\n<meta property=\"og:type\" content=\"article\" \/>\n<meta property=\"og:title\" content=\"Places de March\u00e9 Priv\u00e9es | PMP deals | Demand Hub | Opti Digital\" \/>\n<meta property=\"og:description\" content=\"D\u00e9bloquez des accords PMP premium, stimulez vos eCPM et augmentez votre yield gr\u00e2ce \u00e0 de la demande exclusive con\u00e7ue pour les \u00e9diteurs et propri\u00e9taires de m\u00e9dias.\" \/>\n<meta property=\"og:url\" content=\"https:\/\/optidigital.com\/fr\/publishers\/demand-hub\/\" \/>\n<meta property=\"og:site_name\" content=\"Optidigital\" \/>\n<meta property=\"article:modified_time\" content=\"2025-12-10T00:34:32+00:00\" \/>\n<meta name=\"twitter:card\" content=\"summary_large_image\" \/>\n<meta name=\"twitter:label1\" content=\"Dur\u00e9e de lecture estim\u00e9e\" \/>\n\t<meta name=\"twitter:data1\" content=\"11 minutes\" \/>\n<script type=\"application\/ld+json\" class=\"yoast-schema-graph\">{\"@context\":\"https:\/\/schema.org\",\"@graph\":[{\"@type\":\"WebPage\",\"@id\":\"https:\/\/optidigital.com\/fr\/publishers\/demand-hub\/\",\"url\":\"https:\/\/optidigital.com\/fr\/publishers\/demand-hub\/\",\"name\":\"Places de March\u00e9 Priv\u00e9es | PMP deals | Demand Hub | Opti Digital\",\"isPartOf\":{\"@id\":\"https:\/\/optidigital.com\/fr\/#website\"},\"datePublished\":\"2025-04-16T08:06:56+00:00\",\"dateModified\":\"2025-12-10T00:34:32+00:00\",\"description\":\"D\u00e9bloquez des accords PMP premium, stimulez vos eCPM et augmentez votre yield gr\u00e2ce \u00e0 de la demande exclusive con\u00e7ue pour les \u00e9diteurs et propri\u00e9taires de m\u00e9dias.\",\"breadcrumb\":{\"@id\":\"https:\/\/optidigital.com\/fr\/publishers\/demand-hub\/#breadcrumb\"},\"inLanguage\":\"fr-FR\",\"potentialAction\":[{\"@type\":\"ReadAction\",\"target\":[\"https:\/\/optidigital.com\/fr\/publishers\/demand-hub\/\"]}]},{\"@type\":\"BreadcrumbList\",\"@id\":\"https:\/\/optidigital.com\/fr\/publishers\/demand-hub\/#breadcrumb\",\"itemListElement\":[{\"@type\":\"ListItem\",\"position\":1,\"name\":\"Home\",\"item\":\"https:\/\/optidigital.com\/fr\/\"},{\"@type\":\"ListItem\",\"position\":2,\"name\":\"Demand Hub\"}]},{\"@type\":\"WebSite\",\"@id\":\"https:\/\/optidigital.com\/fr\/#website\",\"url\":\"https:\/\/optidigital.com\/fr\/\",\"name\":\"Optidigital\",\"description\":\"Premium ad revenue platform, built for publishers seeking to optimize their ad revenue while preserving their user experience.\",\"publisher\":{\"@id\":\"https:\/\/optidigital.com\/fr\/#organization\"},\"potentialAction\":[{\"@type\":\"SearchAction\",\"target\":{\"@type\":\"EntryPoint\",\"urlTemplate\":\"https:\/\/optidigital.com\/fr\/?s={search_term_string}\"},\"query-input\":{\"@type\":\"PropertyValueSpecification\",\"valueRequired\":true,\"valueName\":\"search_term_string\"}}],\"inLanguage\":\"fr-FR\"},{\"@type\":\"Organization\",\"@id\":\"https:\/\/optidigital.com\/fr\/#organization\",\"name\":\"Optidigital\",\"url\":\"https:\/\/optidigital.com\/fr\/\",\"logo\":{\"@type\":\"ImageObject\",\"inLanguage\":\"fr-FR\",\"@id\":\"https:\/\/optidigital.com\/fr\/#\/schema\/logo\/image\/\",\"url\":\"https:\/\/optidigital.com\/wp-content\/uploads\/2025\/01\/logo_w.svg\",\"contentUrl\":\"https:\/\/optidigital.com\/wp-content\/uploads\/2025\/01\/logo_w.svg\",\"width\":169,\"height\":64,\"caption\":\"Optidigital\"},\"image\":{\"@id\":\"https:\/\/optidigital.com\/fr\/#\/schema\/logo\/image\/\"}}]}<\/script>\n<!-- \/ Yoast SEO plugin. -->","yoast_head_json":{"title":"Places de March\u00e9 Priv\u00e9es | PMP deals | Demand Hub | Opti Digital","description":"D\u00e9bloquez des accords PMP premium, stimulez vos eCPM et augmentez votre yield gr\u00e2ce \u00e0 de la demande exclusive con\u00e7ue pour les \u00e9diteurs et propri\u00e9taires de m\u00e9dias.","robots":{"index":"index","follow":"follow","max-snippet":"max-snippet:-1","max-image-preview":"max-image-preview:large","max-video-preview":"max-video-preview:-1"},"canonical":"https:\/\/optidigital.com\/fr\/publishers\/demand-hub\/","og_locale":"fr_FR","og_type":"article","og_title":"Places de March\u00e9 Priv\u00e9es | PMP deals | Demand Hub | Opti Digital","og_description":"D\u00e9bloquez des accords PMP premium, stimulez vos eCPM et augmentez votre yield gr\u00e2ce \u00e0 de la demande exclusive con\u00e7ue pour les \u00e9diteurs et propri\u00e9taires de m\u00e9dias.","og_url":"https:\/\/optidigital.com\/fr\/publishers\/demand-hub\/","og_site_name":"Optidigital","article_modified_time":"2025-12-10T00:34:32+00:00","twitter_card":"summary_large_image","twitter_misc":{"Dur\u00e9e de lecture estim\u00e9e":"11 minutes"},"schema":{"@context":"https:\/\/schema.org","@graph":[{"@type":"WebPage","@id":"https:\/\/optidigital.com\/fr\/publishers\/demand-hub\/","url":"https:\/\/optidigital.com\/fr\/publishers\/demand-hub\/","name":"Places de March\u00e9 Priv\u00e9es | PMP deals | Demand Hub | Opti Digital","isPartOf":{"@id":"https:\/\/optidigital.com\/fr\/#website"},"datePublished":"2025-04-16T08:06:56+00:00","dateModified":"2025-12-10T00:34:32+00:00","description":"D\u00e9bloquez des accords PMP premium, stimulez vos eCPM et augmentez votre yield gr\u00e2ce \u00e0 de la demande exclusive con\u00e7ue pour les \u00e9diteurs et propri\u00e9taires de m\u00e9dias.","breadcrumb":{"@id":"https:\/\/optidigital.com\/fr\/publishers\/demand-hub\/#breadcrumb"},"inLanguage":"fr-FR","potentialAction":[{"@type":"ReadAction","target":["https:\/\/optidigital.com\/fr\/publishers\/demand-hub\/"]}]},{"@type":"BreadcrumbList","@id":"https:\/\/optidigital.com\/fr\/publishers\/demand-hub\/#breadcrumb","itemListElement":[{"@type":"ListItem","position":1,"name":"Home","item":"https:\/\/optidigital.com\/fr\/"},{"@type":"ListItem","position":2,"name":"Demand Hub"}]},{"@type":"WebSite","@id":"https:\/\/optidigital.com\/fr\/#website","url":"https:\/\/optidigital.com\/fr\/","name":"Optidigital","description":"Premium ad revenue platform, built for publishers seeking to optimize their ad revenue while preserving their user experience.","publisher":{"@id":"https:\/\/optidigital.com\/fr\/#organization"},"potentialAction":[{"@type":"SearchAction","target":{"@type":"EntryPoint","urlTemplate":"https:\/\/optidigital.com\/fr\/?s={search_term_string}"},"query-input":{"@type":"PropertyValueSpecification","valueRequired":true,"valueName":"search_term_string"}}],"inLanguage":"fr-FR"},{"@type":"Organization","@id":"https:\/\/optidigital.com\/fr\/#organization","name":"Optidigital","url":"https:\/\/optidigital.com\/fr\/","logo":{"@type":"ImageObject","inLanguage":"fr-FR","@id":"https:\/\/optidigital.com\/fr\/#\/schema\/logo\/image\/","url":"https:\/\/optidigital.com\/wp-content\/uploads\/2025\/01\/logo_w.svg","contentUrl":"https:\/\/optidigital.com\/wp-content\/uploads\/2025\/01\/logo_w.svg","width":169,"height":64,"caption":"Optidigital"},"image":{"@id":"https:\/\/optidigital.com\/fr\/#\/schema\/logo\/image\/"}}]}},"_links":{"self":[{"href":"https:\/\/optidigital.com\/fr\/wp-json\/wp\/v2\/pages\/23477","targetHints":{"allow":["GET"]}}],"collection":[{"href":"https:\/\/optidigital.com\/fr\/wp-json\/wp\/v2\/pages"}],"about":[{"href":"https:\/\/optidigital.com\/fr\/wp-json\/wp\/v2\/types\/page"}],"author":[{"embeddable":true,"href":"https:\/\/optidigital.com\/fr\/wp-json\/wp\/v2\/users\/1"}],"replies":[{"embeddable":true,"href":"https:\/\/optidigital.com\/fr\/wp-json\/wp\/v2\/comments?post=23477"}],"version-history":[{"count":45,"href":"https:\/\/optidigital.com\/fr\/wp-json\/wp\/v2\/pages\/23477\/revisions"}],"predecessor-version":[{"id":27986,"href":"https:\/\/optidigital.com\/fr\/wp-json\/wp\/v2\/pages\/23477\/revisions\/27986"}],"wp:attachment":[{"href":"https:\/\/optidigital.com\/fr\/wp-json\/wp\/v2\/media?parent=23477"}],"curies":[{"name":"wp","href":"https:\/\/api.w.org\/{rel}","templated":true}]}}