{"id":22901,"date":"2025-01-08T13:00:00","date_gmt":"2025-01-08T12:00:00","guid":{"rendered":"https:\/\/optidigital.com\/home\/"},"modified":"2025-09-23T16:57:41","modified_gmt":"2025-09-23T14:57:41","slug":"home","status":"publish","type":"page","link":"https:\/\/optidigital.com\/fr\/","title":{"rendered":"Home"},"content":{"rendered":"\n<p>Lorem Ipsum is simply dummy text of the printing and typesetting industry. Lorem Ipsum has been the industry&rsquo;s standard dummy text ever since the 1500s, when an unknown printer took a galley of type and scrambled it to make a type specimen book. It has survived not only five centuries, but also the leap into electronic typesetting, remaining essentially unchanged. It was popularised in the 1960s with the release of Letraset sheets containing Lorem Ipsum passages, and more recently with desktop publishing software like Aldus PageMaker including versions of Lorem<\/p>\n\n\n\n<p><\/p>\n","protected":false},"excerpt":{"rendered":"<p>Lorem Ipsum is simply dummy text of the printing and typesetting industry. Lorem Ipsum has been the industry&rsquo;s standard dummy text ever since the 1500s, when an unknown printer took a galley of type and scrambled it to make a type specimen book. It has survived not only five centuries, but also the leap into &#8230; <a title=\"Home\" class=\"read-more\" href=\"https:\/\/optidigital.com\/fr\/\" aria-label=\"En savoir plus sur Home\">Lire la suite<\/a><\/p>\n","protected":false},"author":1,"featured_media":0,"parent":0,"menu_order":0,"comment_status":"closed","ping_status":"closed","template":"page-rload.php","meta":{"_acf_changed":false,"inline_featured_image":false,"footnotes":""},"class_list":["post-22901","page","type-page","status-publish"],"acf":[],"yoast_head":"<!-- This site is optimized with the Yoast SEO plugin v27.1.1 - https:\/\/yoast.com\/product\/yoast-seo-wordpress\/ -->\n<title>Plateforme de Mon\u00e9tisation pour les \u00c9diteurs | Opti Digital<\/title>\n<meta name=\"description\" content=\"La plateforme de revenus publicitaires premium con\u00e7ue pour les \u00e9diteurs qui souhaitent maximiser leurs revenus tout en proposant une exp\u00e9rience utilisateur optimale.\" \/>\n<meta name=\"robots\" content=\"index, follow, max-snippet:-1, max-image-preview:large, max-video-preview:-1\" \/>\n<link rel=\"canonical\" href=\"https:\/\/optidigital.com\/fr\/\" \/>\n<meta property=\"og:locale\" content=\"fr_FR\" \/>\n<meta property=\"og:type\" content=\"article\" \/>\n<meta property=\"og:title\" content=\"Plateforme de Mon\u00e9tisation pour les \u00c9diteurs | Opti Digital\" \/>\n<meta property=\"og:description\" content=\"La plateforme de revenus publicitaires premium con\u00e7ue pour les \u00e9diteurs qui souhaitent maximiser leurs revenus tout en proposant une exp\u00e9rience utilisateur optimale.\" \/>\n<meta property=\"og:url\" content=\"https:\/\/optidigital.com\/fr\/\" \/>\n<meta property=\"og:site_name\" content=\"Optidigital\" \/>\n<meta property=\"article:modified_time\" content=\"2025-09-23T14:57:41+00:00\" \/>\n<meta name=\"twitter:card\" content=\"summary_large_image\" \/>\n<meta name=\"twitter:label1\" content=\"Dur\u00e9e de lecture estim\u00e9e\" \/>\n\t<meta name=\"twitter:data1\" content=\"14 minutes\" \/>\n<script type=\"application\/ld+json\" class=\"yoast-schema-graph\">{\"@context\":\"https:\/\/schema.org\",\"@graph\":[{\"@type\":\"WebPage\",\"@id\":\"https:\/\/optidigital.com\/fr\/\",\"url\":\"https:\/\/optidigital.com\/fr\/\",\"name\":\"Plateforme de Mon\u00e9tisation pour les \u00c9diteurs | Opti Digital\",\"isPartOf\":{\"@id\":\"https:\/\/optidigital.com\/fr\/#website\"},\"datePublished\":\"2025-01-08T12:00:00+00:00\",\"dateModified\":\"2025-09-23T14:57:41+00:00\",\"description\":\"La plateforme de revenus publicitaires premium con\u00e7ue pour les \u00e9diteurs qui souhaitent maximiser leurs revenus tout en proposant une exp\u00e9rience utilisateur optimale.\",\"breadcrumb\":{\"@id\":\"https:\/\/optidigital.com\/fr\/#breadcrumb\"},\"inLanguage\":\"fr-FR\",\"potentialAction\":[{\"@type\":\"ReadAction\",\"target\":[\"https:\/\/optidigital.com\/fr\/\"]}]},{\"@type\":\"BreadcrumbList\",\"@id\":\"https:\/\/optidigital.com\/fr\/#breadcrumb\",\"itemListElement\":[{\"@type\":\"ListItem\",\"position\":1,\"name\":\"Home\",\"item\":\"https:\/\/optidigital.com\/fr\/\"},{\"@type\":\"ListItem\",\"position\":2,\"name\":\"Home\"}]},{\"@type\":\"WebSite\",\"@id\":\"https:\/\/optidigital.com\/fr\/#website\",\"url\":\"https:\/\/optidigital.com\/fr\/\",\"name\":\"Optidigital\",\"description\":\"Premium ad revenue platform, built for publishers seeking to optimize their ad revenue while preserving their user experience.\",\"publisher\":{\"@id\":\"https:\/\/optidigital.com\/fr\/#organization\"},\"potentialAction\":[{\"@type\":\"SearchAction\",\"target\":{\"@type\":\"EntryPoint\",\"urlTemplate\":\"https:\/\/optidigital.com\/fr\/?s={search_term_string}\"},\"query-input\":{\"@type\":\"PropertyValueSpecification\",\"valueRequired\":true,\"valueName\":\"search_term_string\"}}],\"inLanguage\":\"fr-FR\"},{\"@type\":\"Organization\",\"@id\":\"https:\/\/optidigital.com\/fr\/#organization\",\"name\":\"Optidigital\",\"url\":\"https:\/\/optidigital.com\/fr\/\",\"logo\":{\"@type\":\"ImageObject\",\"inLanguage\":\"fr-FR\",\"@id\":\"https:\/\/optidigital.com\/fr\/#\/schema\/logo\/image\/\",\"url\":\"https:\/\/optidigital.com\/wp-content\/uploads\/2025\/01\/logo_w.svg\",\"contentUrl\":\"https:\/\/optidigital.com\/wp-content\/uploads\/2025\/01\/logo_w.svg\",\"width\":169,\"height\":64,\"caption\":\"Optidigital\"},\"image\":{\"@id\":\"https:\/\/optidigital.com\/fr\/#\/schema\/logo\/image\/\"}}]}<\/script>\n<!-- \/ Yoast SEO plugin. -->","yoast_head_json":{"title":"Plateforme de Mon\u00e9tisation pour les \u00c9diteurs | Opti Digital","description":"La plateforme de revenus publicitaires premium con\u00e7ue pour les \u00e9diteurs qui souhaitent maximiser leurs revenus tout en proposant une exp\u00e9rience utilisateur optimale.","robots":{"index":"index","follow":"follow","max-snippet":"max-snippet:-1","max-image-preview":"max-image-preview:large","max-video-preview":"max-video-preview:-1"},"canonical":"https:\/\/optidigital.com\/fr\/","og_locale":"fr_FR","og_type":"article","og_title":"Plateforme de Mon\u00e9tisation pour les \u00c9diteurs | Opti Digital","og_description":"La plateforme de revenus publicitaires premium con\u00e7ue pour les \u00e9diteurs qui souhaitent maximiser leurs revenus tout en proposant une exp\u00e9rience utilisateur optimale.","og_url":"https:\/\/optidigital.com\/fr\/","og_site_name":"Optidigital","article_modified_time":"2025-09-23T14:57:41+00:00","twitter_card":"summary_large_image","twitter_misc":{"Dur\u00e9e de lecture estim\u00e9e":"14 minutes"},"schema":{"@context":"https:\/\/schema.org","@graph":[{"@type":"WebPage","@id":"https:\/\/optidigital.com\/fr\/","url":"https:\/\/optidigital.com\/fr\/","name":"Plateforme de Mon\u00e9tisation pour les \u00c9diteurs | Opti Digital","isPartOf":{"@id":"https:\/\/optidigital.com\/fr\/#website"},"datePublished":"2025-01-08T12:00:00+00:00","dateModified":"2025-09-23T14:57:41+00:00","description":"La plateforme de revenus publicitaires premium con\u00e7ue pour les \u00e9diteurs qui souhaitent maximiser leurs revenus tout en proposant une exp\u00e9rience utilisateur optimale.","breadcrumb":{"@id":"https:\/\/optidigital.com\/fr\/#breadcrumb"},"inLanguage":"fr-FR","potentialAction":[{"@type":"ReadAction","target":["https:\/\/optidigital.com\/fr\/"]}]},{"@type":"BreadcrumbList","@id":"https:\/\/optidigital.com\/fr\/#breadcrumb","itemListElement":[{"@type":"ListItem","position":1,"name":"Home","item":"https:\/\/optidigital.com\/fr\/"},{"@type":"ListItem","position":2,"name":"Home"}]},{"@type":"WebSite","@id":"https:\/\/optidigital.com\/fr\/#website","url":"https:\/\/optidigital.com\/fr\/","name":"Optidigital","description":"Premium ad revenue platform, built for publishers seeking to optimize their ad revenue while preserving their user experience.","publisher":{"@id":"https:\/\/optidigital.com\/fr\/#organization"},"potentialAction":[{"@type":"SearchAction","target":{"@type":"EntryPoint","urlTemplate":"https:\/\/optidigital.com\/fr\/?s={search_term_string}"},"query-input":{"@type":"PropertyValueSpecification","valueRequired":true,"valueName":"search_term_string"}}],"inLanguage":"fr-FR"},{"@type":"Organization","@id":"https:\/\/optidigital.com\/fr\/#organization","name":"Optidigital","url":"https:\/\/optidigital.com\/fr\/","logo":{"@type":"ImageObject","inLanguage":"fr-FR","@id":"https:\/\/optidigital.com\/fr\/#\/schema\/logo\/image\/","url":"https:\/\/optidigital.com\/wp-content\/uploads\/2025\/01\/logo_w.svg","contentUrl":"https:\/\/optidigital.com\/wp-content\/uploads\/2025\/01\/logo_w.svg","width":169,"height":64,"caption":"Optidigital"},"image":{"@id":"https:\/\/optidigital.com\/fr\/#\/schema\/logo\/image\/"}}]}},"_links":{"self":[{"href":"https:\/\/optidigital.com\/fr\/wp-json\/wp\/v2\/pages\/22901","targetHints":{"allow":["GET"]}}],"collection":[{"href":"https:\/\/optidigital.com\/fr\/wp-json\/wp\/v2\/pages"}],"about":[{"href":"https:\/\/optidigital.com\/fr\/wp-json\/wp\/v2\/types\/page"}],"author":[{"embeddable":true,"href":"https:\/\/optidigital.com\/fr\/wp-json\/wp\/v2\/users\/1"}],"replies":[{"embeddable":true,"href":"https:\/\/optidigital.com\/fr\/wp-json\/wp\/v2\/comments?post=22901"}],"version-history":[{"count":91,"href":"https:\/\/optidigital.com\/fr\/wp-json\/wp\/v2\/pages\/22901\/revisions"}],"predecessor-version":[{"id":27500,"href":"https:\/\/optidigital.com\/fr\/wp-json\/wp\/v2\/pages\/22901\/revisions\/27500"}],"wp:attachment":[{"href":"https:\/\/optidigital.com\/fr\/wp-json\/wp\/v2\/media?parent=22901"}],"curies":[{"name":"wp","href":"https:\/\/api.w.org\/{rel}","templated":true}]}}