{"id":26680,"date":"2025-06-18T15:58:24","date_gmt":"2025-06-18T13:58:24","guid":{"rendered":"https:\/\/optidigital.com\/demand-hub-demo\/"},"modified":"2025-10-31T15:35:26","modified_gmt":"2025-10-31T14:35:26","slug":"demand-hub-demo","status":"publish","type":"page","link":"https:\/\/optidigital.com\/es\/demand-hub-demo\/","title":{"rendered":"Demand Hub Demo"},"content":{"rendered":"","protected":false},"excerpt":{"rendered":"","protected":false},"author":13,"featured_media":0,"parent":0,"menu_order":0,"comment_status":"closed","ping_status":"closed","template":"page-rload.php","meta":{"_acf_changed":false,"inline_featured_image":false,"footnotes":""},"class_list":["post-26680","page","type-page","status-publish"],"acf":[],"yoast_head":"<!-- This site is optimized with the Yoast SEO plugin v27.1.1 - https:\/\/yoast.com\/product\/yoast-seo-wordpress\/ -->\n<title>Tama\u00f1os de anuncios IAB para m\u00f3vil y escritorio | Demand Hub<\/title>\n<meta name=\"description\" content=\"Demand Hub permite a los editores a\u00f1adir valor a los espacios publicitarios existentes en lugar de saturar sus sitios con otros nuevos.\" \/>\n<meta name=\"robots\" content=\"index, follow, max-snippet:-1, max-image-preview:large, max-video-preview:-1\" \/>\n<link rel=\"canonical\" href=\"https:\/\/optidigital.com\/es\/demand-hub-demo\/\" \/>\n<meta property=\"og:locale\" content=\"es_ES\" \/>\n<meta property=\"og:type\" content=\"article\" \/>\n<meta property=\"og:title\" content=\"Tama\u00f1os de anuncios IAB para m\u00f3vil y escritorio | Demand Hub\" \/>\n<meta property=\"og:description\" content=\"Demand Hub permite a los editores a\u00f1adir valor a los espacios publicitarios existentes en lugar de saturar sus sitios con otros nuevos.\" \/>\n<meta property=\"og:url\" content=\"https:\/\/optidigital.com\/es\/demand-hub-demo\/\" \/>\n<meta property=\"og:site_name\" content=\"Optidigital\" \/>\n<meta property=\"article:modified_time\" content=\"2025-10-31T14:35:26+00:00\" \/>\n<meta name=\"twitter:card\" content=\"summary_large_image\" \/>\n<meta name=\"twitter:label1\" content=\"Tiempo de lectura\" \/>\n\t<meta name=\"twitter:data1\" content=\"1 minuto\" \/>\n<script type=\"application\/ld+json\" class=\"yoast-schema-graph\">{\"@context\":\"https:\/\/schema.org\",\"@graph\":[{\"@type\":\"WebPage\",\"@id\":\"https:\/\/optidigital.com\/es\/demand-hub-demo\/\",\"url\":\"https:\/\/optidigital.com\/es\/demand-hub-demo\/\",\"name\":\"Tama\u00f1os de anuncios IAB para m\u00f3vil y escritorio | Demand Hub\",\"isPartOf\":{\"@id\":\"https:\/\/optidigital.com\/es\/#website\"},\"datePublished\":\"2025-06-18T13:58:24+00:00\",\"dateModified\":\"2025-10-31T14:35:26+00:00\",\"description\":\"Demand Hub permite a los editores a\u00f1adir valor a los espacios publicitarios existentes en lugar de saturar sus sitios con otros nuevos.\",\"breadcrumb\":{\"@id\":\"https:\/\/optidigital.com\/es\/demand-hub-demo\/#breadcrumb\"},\"inLanguage\":\"es\",\"potentialAction\":[{\"@type\":\"ReadAction\",\"target\":[\"https:\/\/optidigital.com\/es\/demand-hub-demo\/\"]}]},{\"@type\":\"BreadcrumbList\",\"@id\":\"https:\/\/optidigital.com\/es\/demand-hub-demo\/#breadcrumb\",\"itemListElement\":[{\"@type\":\"ListItem\",\"position\":1,\"name\":\"Home\",\"item\":\"https:\/\/optidigital.com\/es\/\"},{\"@type\":\"ListItem\",\"position\":2,\"name\":\"Demand Hub Demo\"}]},{\"@type\":\"WebSite\",\"@id\":\"https:\/\/optidigital.com\/es\/#website\",\"url\":\"https:\/\/optidigital.com\/es\/\",\"name\":\"Optidigital\",\"description\":\"Premium ad revenue platform, built for publishers seeking to optimize their ad revenue while preserving their user experience.\",\"publisher\":{\"@id\":\"https:\/\/optidigital.com\/es\/#organization\"},\"potentialAction\":[{\"@type\":\"SearchAction\",\"target\":{\"@type\":\"EntryPoint\",\"urlTemplate\":\"https:\/\/optidigital.com\/es\/?s={search_term_string}\"},\"query-input\":{\"@type\":\"PropertyValueSpecification\",\"valueRequired\":true,\"valueName\":\"search_term_string\"}}],\"inLanguage\":\"es\"},{\"@type\":\"Organization\",\"@id\":\"https:\/\/optidigital.com\/es\/#organization\",\"name\":\"Optidigital\",\"url\":\"https:\/\/optidigital.com\/es\/\",\"logo\":{\"@type\":\"ImageObject\",\"inLanguage\":\"es\",\"@id\":\"https:\/\/optidigital.com\/es\/#\/schema\/logo\/image\/\",\"url\":\"https:\/\/optidigital.com\/wp-content\/uploads\/2025\/01\/logo_w.svg\",\"contentUrl\":\"https:\/\/optidigital.com\/wp-content\/uploads\/2025\/01\/logo_w.svg\",\"width\":169,\"height\":64,\"caption\":\"Optidigital\"},\"image\":{\"@id\":\"https:\/\/optidigital.com\/es\/#\/schema\/logo\/image\/\"}}]}<\/script>\n<!-- \/ Yoast SEO plugin. -->","yoast_head_json":{"title":"Tama\u00f1os de anuncios IAB para m\u00f3vil y escritorio | Demand Hub","description":"Demand Hub permite a los editores a\u00f1adir valor a los espacios publicitarios existentes en lugar de saturar sus sitios con otros nuevos.","robots":{"index":"index","follow":"follow","max-snippet":"max-snippet:-1","max-image-preview":"max-image-preview:large","max-video-preview":"max-video-preview:-1"},"canonical":"https:\/\/optidigital.com\/es\/demand-hub-demo\/","og_locale":"es_ES","og_type":"article","og_title":"Tama\u00f1os de anuncios IAB para m\u00f3vil y escritorio | Demand Hub","og_description":"Demand Hub permite a los editores a\u00f1adir valor a los espacios publicitarios existentes en lugar de saturar sus sitios con otros nuevos.","og_url":"https:\/\/optidigital.com\/es\/demand-hub-demo\/","og_site_name":"Optidigital","article_modified_time":"2025-10-31T14:35:26+00:00","twitter_card":"summary_large_image","twitter_misc":{"Tiempo de lectura":"1 minuto"},"schema":{"@context":"https:\/\/schema.org","@graph":[{"@type":"WebPage","@id":"https:\/\/optidigital.com\/es\/demand-hub-demo\/","url":"https:\/\/optidigital.com\/es\/demand-hub-demo\/","name":"Tama\u00f1os de anuncios IAB para m\u00f3vil y escritorio | Demand Hub","isPartOf":{"@id":"https:\/\/optidigital.com\/es\/#website"},"datePublished":"2025-06-18T13:58:24+00:00","dateModified":"2025-10-31T14:35:26+00:00","description":"Demand Hub permite a los editores a\u00f1adir valor a los espacios publicitarios existentes en lugar de saturar sus sitios con otros nuevos.","breadcrumb":{"@id":"https:\/\/optidigital.com\/es\/demand-hub-demo\/#breadcrumb"},"inLanguage":"es","potentialAction":[{"@type":"ReadAction","target":["https:\/\/optidigital.com\/es\/demand-hub-demo\/"]}]},{"@type":"BreadcrumbList","@id":"https:\/\/optidigital.com\/es\/demand-hub-demo\/#breadcrumb","itemListElement":[{"@type":"ListItem","position":1,"name":"Home","item":"https:\/\/optidigital.com\/es\/"},{"@type":"ListItem","position":2,"name":"Demand Hub Demo"}]},{"@type":"WebSite","@id":"https:\/\/optidigital.com\/es\/#website","url":"https:\/\/optidigital.com\/es\/","name":"Optidigital","description":"Premium ad revenue platform, built for publishers seeking to optimize their ad revenue while preserving their user experience.","publisher":{"@id":"https:\/\/optidigital.com\/es\/#organization"},"potentialAction":[{"@type":"SearchAction","target":{"@type":"EntryPoint","urlTemplate":"https:\/\/optidigital.com\/es\/?s={search_term_string}"},"query-input":{"@type":"PropertyValueSpecification","valueRequired":true,"valueName":"search_term_string"}}],"inLanguage":"es"},{"@type":"Organization","@id":"https:\/\/optidigital.com\/es\/#organization","name":"Optidigital","url":"https:\/\/optidigital.com\/es\/","logo":{"@type":"ImageObject","inLanguage":"es","@id":"https:\/\/optidigital.com\/es\/#\/schema\/logo\/image\/","url":"https:\/\/optidigital.com\/wp-content\/uploads\/2025\/01\/logo_w.svg","contentUrl":"https:\/\/optidigital.com\/wp-content\/uploads\/2025\/01\/logo_w.svg","width":169,"height":64,"caption":"Optidigital"},"image":{"@id":"https:\/\/optidigital.com\/es\/#\/schema\/logo\/image\/"}}]}},"_links":{"self":[{"href":"https:\/\/optidigital.com\/es\/wp-json\/wp\/v2\/pages\/26680","targetHints":{"allow":["GET"]}}],"collection":[{"href":"https:\/\/optidigital.com\/es\/wp-json\/wp\/v2\/pages"}],"about":[{"href":"https:\/\/optidigital.com\/es\/wp-json\/wp\/v2\/types\/page"}],"author":[{"embeddable":true,"href":"https:\/\/optidigital.com\/es\/wp-json\/wp\/v2\/users\/13"}],"replies":[{"embeddable":true,"href":"https:\/\/optidigital.com\/es\/wp-json\/wp\/v2\/comments?post=26680"}],"version-history":[{"count":8,"href":"https:\/\/optidigital.com\/es\/wp-json\/wp\/v2\/pages\/26680\/revisions"}],"predecessor-version":[{"id":27709,"href":"https:\/\/optidigital.com\/es\/wp-json\/wp\/v2\/pages\/26680\/revisions\/27709"}],"wp:attachment":[{"href":"https:\/\/optidigital.com\/es\/wp-json\/wp\/v2\/media?parent=26680"}],"curies":[{"name":"wp","href":"https:\/\/api.w.org\/{rel}","templated":true}]}}